{"id":1958,"date":"2021-05-01T15:28:52","date_gmt":"2021-05-01T13:28:52","guid":{"rendered":"https:\/\/solutionguepes.be\/startseite"},"modified":"2026-02-02T23:10:07","modified_gmt":"2026-02-02T21:10:07","slug":"startseite","status":"publish","type":"page","link":"https:\/\/solutionguepes.be\/de","title":{"rendered":"Startseite"},"content":{"rendered":"<div class=\"et_pb_section_0 et_pb_section et_section_regular et_block_section\"><div class=\"et_pb_row_0 et_pb_row et_block_row\"><div class=\"et_pb_column_0 et_pb_column et_pb_column_3_5 et_block_column et_pb_css_mix_blend_mode_passthrough\"><div class=\"et_pb_text_0 et_pb_text et_pb_bg_layout_light et_pb_module et_block_module\"><div class=\"et_pb_text_inner\"><p>Schnelle Zerst\u00f6rung Ihres Wespennestes!<\/p>\n<\/div><\/div><\/div><div class=\"et_pb_column_1 et_pb_column et_pb_column_2_5 et-last-child et_block_column et_pb_css_mix_blend_mode_passthrough\"><div class=\"et_pb_module et_pb_button_module_wrapper et_pb_button_0_wrapper\"><a class=\"et_pb_button_0 et_pb_button et_pb_bg_layout_light et_pb_module et_block_module\" href=\"https:\/\/solutionguepes.be\/de\/buchen-sie-unseren-einsatz\">Buchen Sie unseren Einsatz<\/a><\/div><\/div><\/div><\/div><div class=\"et_pb_section_1 et_pb_section et_section_regular et_block_section\"><div class=\"et_pb_row_1 et_pb_row et_block_row\"><div class=\"et_pb_column_2 et_pb_column et_pb_column_4_4 et-last-child et_block_column et_pb_css_mix_blend_mode_passthrough\"><div class=\"et_pb_text_2 et_pb_text et_pb_bg_layout_light et_pb_module et_block_module\"><div class=\"et_pb_text_inner\"><h1><strong><span style=\"color: #ff9900;\">Solution Gu\u00eapes <\/span><\/strong>Ihr Spezialist f\u00fcr Wespen- und Hornissennestvernichtung<\/h1>\n<\/div><\/div><div class=\"et_pb_text_3 et_pb_text et_pb_bg_layout_light et_pb_module et_block_module et_pb_text_align_center\"><div class=\"et_pb_text_inner\"><p><span style=\"color: #008000;\">\u2714 Effektive und \u00f6konomische <\/span><\/p>\n<\/div><\/div><div class=\"et_pb_module et_pb_button_module_wrapper et_pb_button_1_wrapper\"><a class=\"et_pb_button_1 et_pb_button et_pb_bg_layout_light et_pb_module et_block_module\" href=\"tel:0032494691248\">Jetzt anrufen +32 (0) 494\/69.12.48<\/a><\/div><div class=\"et_pb_text_4 et_pb_text et_pb_bg_layout_light et_pb_module et_block_module et_pb_text_align_center\"><div class=\"et_pb_text_inner\"><p>( ohne Verpflichtung )<\/p>\n<\/div><\/div><\/div><\/div><div class=\"et_pb_row_2 et_pb_row et_block_row\"><div class=\"et_pb_column_3 et_pb_column et_pb_column_4_4 et-last-child et_block_column et_pb_css_mix_blend_mode_passthrough\"><div class=\"et_pb_text_5 et_pb_text et_pb_bg_layout_light et_pb_module et_block_module\"><div class=\"et_pb_text_inner\"><h2>\u2606\u2606 Sie empfehlen uns \u2606\u2606<\/h2>\n<\/div><\/div><\/div><\/div><div class=\"et_pb_row_3 et_pb_row et_block_row\"><div class=\"et_pb_column_4 et_pb_column et_pb_column_1_2 et_block_column et_pb_css_mix_blend_mode_passthrough\"><div class=\"et_pb_image_0 et_pb_image et_pb_module et_block_module\"><span class=\"et_pb_image_wrap\"><img loading=\"lazy\" decoding=\"async\" src=\"https:\/\/solutionguepes.be\/wp-content\/uploads\/2019\/07\/recommandation-1.png\" width=\"549\" height=\"145\" srcset=\"https:\/\/solutionguepes.be\/wp-content\/uploads\/2019\/07\/recommandation-1.png 549w, https:\/\/solutionguepes.be\/wp-content\/uploads\/2019\/07\/recommandation-1-300x79.png 300w, https:\/\/solutionguepes.be\/wp-content\/uploads\/2019\/07\/recommandation-1-20x5.png 20w\" sizes=\"(max-width: 549px) 100vw, 549px\" class=\"wp-image-567\" \/><\/span><\/div><\/div><div class=\"et_pb_column_5 et_pb_column et_pb_column_1_2 et-last-child et_block_column et_pb_css_mix_blend_mode_passthrough\"><div class=\"et_pb_image_1 et_pb_image et_pb_module et_block_module\"><span class=\"et_pb_image_wrap\"><img loading=\"lazy\" decoding=\"async\" src=\"https:\/\/solutionguepes.be\/wp-content\/uploads\/2020\/03\/Recommandation-5.png\" width=\"523\" height=\"150\" srcset=\"https:\/\/solutionguepes.be\/wp-content\/uploads\/2020\/03\/Recommandation-5.png 523w, https:\/\/solutionguepes.be\/wp-content\/uploads\/2020\/03\/Recommandation-5-480x138.png 480w\" sizes=\"(min-width: 0px) and (max-width: 480px) 480px, (min-width: 481px) 523px, 100vw\" class=\"wp-image-716\" \/><\/span><\/div><\/div><\/div><div class=\"et_pb_row_4 et_pb_row et_block_row\"><div class=\"et_pb_column_6 et_pb_column et_pb_column_1_2 et_block_column et_pb_css_mix_blend_mode_passthrough\"><div class=\"et_pb_image_2 et_pb_image et_pb_module et_block_module\"><span class=\"et_pb_image_wrap\"><img decoding=\"async\" src=\"https:\/\/solutionguepes.be\/wp-content\/uploads\/2020\/03\/Recommandation-6.png\" \/><\/span><\/div><\/div><div class=\"et_pb_column_7 et_pb_column et_pb_column_1_2 et-last-child et_block_column et_pb_css_mix_blend_mode_passthrough\"><div class=\"et_pb_image_3 et_pb_image et_pb_module et_block_module\"><span class=\"et_pb_image_wrap\"><img loading=\"lazy\" decoding=\"async\" src=\"https:\/\/solutionguepes.be\/wp-content\/uploads\/2019\/07\/Reccomandation-2.png\" width=\"547\" height=\"167\" srcset=\"https:\/\/solutionguepes.be\/wp-content\/uploads\/2019\/07\/Reccomandation-2.png 547w, https:\/\/solutionguepes.be\/wp-content\/uploads\/2019\/07\/Reccomandation-2-300x92.png 300w, https:\/\/solutionguepes.be\/wp-content\/uploads\/2019\/07\/Reccomandation-2-20x6.png 20w\" sizes=\"(max-width: 547px) 100vw, 547px\" class=\"wp-image-566\" \/><\/span><\/div><\/div><\/div><div class=\"et_pb_row_5 et_pb_row et_block_row\"><div class=\"et_pb_column_8 et_pb_column et_pb_column_1_2 et_block_column et_pb_css_mix_blend_mode_passthrough\"><div class=\"et_pb_image_4 et_pb_image et_pb_module et_block_module\"><span class=\"et_pb_image_wrap\"><img loading=\"lazy\" decoding=\"async\" src=\"https:\/\/solutionguepes.be\/wp-content\/uploads\/2019\/07\/Recommandation-3.png\" width=\"543\" height=\"130\" srcset=\"https:\/\/solutionguepes.be\/wp-content\/uploads\/2019\/07\/Recommandation-3.png 543w, https:\/\/solutionguepes.be\/wp-content\/uploads\/2019\/07\/Recommandation-3-300x72.png 300w, https:\/\/solutionguepes.be\/wp-content\/uploads\/2019\/07\/Recommandation-3-20x5.png 20w\" sizes=\"(max-width: 543px) 100vw, 543px\" class=\"wp-image-565\" \/><\/span><\/div><\/div><div class=\"et_pb_column_9 et_pb_column et_pb_column_1_2 et-last-child et_block_column et_pb_css_mix_blend_mode_passthrough\"><div class=\"et_pb_image_5 et_pb_image et_pb_module et_block_module\"><span class=\"et_pb_image_wrap\"><img loading=\"lazy\" decoding=\"async\" src=\"https:\/\/solutionguepes.be\/wp-content\/uploads\/2019\/07\/Recommandation-4.png\" width=\"547\" height=\"126\" srcset=\"https:\/\/solutionguepes.be\/wp-content\/uploads\/2019\/07\/Recommandation-4.png 547w, https:\/\/solutionguepes.be\/wp-content\/uploads\/2019\/07\/Recommandation-4-300x69.png 300w, https:\/\/solutionguepes.be\/wp-content\/uploads\/2019\/07\/Recommandation-4-20x5.png 20w\" sizes=\"(max-width: 547px) 100vw, 547px\" class=\"wp-image-564\" \/><\/span><\/div><\/div><\/div><\/div><div class=\"et_pb_section_2 et_pb_section et_section_regular et_block_section\"><div class=\"et_pb_row_6 et_pb_row et_block_row\"><div class=\"et_pb_column_10 et_pb_column et_pb_column_4_4 et-last-child et_block_column et_pb_css_mix_blend_mode_passthrough\"><div class=\"et_pb_cta_0 et_pb_promo et_pb_bg_layout_dark et_animated et_pb_module et_block_module\"><div class=\"et_pb_promo_description\"><h2 class=\"et_pb_module_header\">Ein Wespennest zu zerst\u00f6ren?<\/h2><\/div><div class=\"et_pb_button_wrapper\"><a class=\"et_pb_button et_pb_promo_button\" href=\"https:\/\/solutionguepes.be\/reservez-votre-intervention\">Buchen Sie unseren Einsatz online<\/a><\/div><\/div><div class=\"et_pb_text_6 et_pb_text et_pb_bg_layout_light et_pb_module et_block_module et_pb_text_align_center\"><div class=\"et_pb_text_inner\"><p>Hat sich ein Wespenvolk in der N\u00e4he Ihres Hauses niedergelassen?<\/p>\n<p>Entscheiden Sie sich f\u00fcr einen professionellen Service, der schnell eingreift<\/p>\n<p>und behandelt das Problem effektiv, um Ihre Sicherheit zu gew\u00e4hrleisten.<\/p>\n<\/div><\/div><div class=\"et_pb_module et_pb_button_module_wrapper et_pb_button_2_wrapper\"><a class=\"et_pb_button_2 et_pb_button et_pb_bg_layout_light et_pb_module et_block_module\" href=\"tel:0032494691248\">Jetzt anrufen +32 (0) 494\/69.12.48<\/a><\/div><div class=\"et_pb_text_7 et_pb_text et_pb_bg_layout_light et_pb_module et_block_module et_pb_text_align_center\"><div class=\"et_pb_text_inner\"><p>( ohne Verpflichtung )<\/p>\n<\/div><\/div><\/div><\/div><div class=\"et_pb_row_7 et_pb_row et_pb_equal_columns et_block_row\"><div class=\"et_pb_column_11 et_pb_column et_pb_column_1_3 et_block_column et_pb_css_mix_blend_mode_passthrough\"><div class=\"et_pb_blurb_0 et_pb_blurb et_pb_bg_layout_light et_pb_blurb_position_top et_pb_module et_block_module\"><div class=\"et_pb_blurb_content\"><div class=\"et_pb_main_blurb_image\"><span class=\"et_pb_image_wrap et_pb_only_image_mode_wrap\"><img loading=\"lazy\" decoding=\"async\" src=\"https:\/\/solutionguepes.be\/wp-content\/uploads\/2019\/03\/noun_customer-experience_1326786.png\" width=\"128\" height=\"128\" srcset=\"https:\/\/solutionguepes.be\/wp-content\/uploads\/2019\/03\/noun_customer-experience_1326786.png 128w, https:\/\/solutionguepes.be\/wp-content\/uploads\/2019\/03\/noun_customer-experience_1326786-20x20.png 20w\" sizes=\"(max-width: 128px) 100vw, 128px\" class=\"wp-image-143\" \/><\/span><\/div><div class=\"et_pb_blurb_container\"><h4 class=\"et_pb_module_header\">W\u00e4hlen Sie einen Experten<\/h4><div class=\"et_pb_blurb_description\"><p>Spezialisiert auf die Vernichtung von Wespen- und Hornissenkolonien. Wir sind in der Lage, schnell und effizient zu arbeiten, unabh\u00e4ngig davon, wo sich das Nest befindet.<\/p>\n<\/div><\/div><\/div><\/div><\/div><div class=\"et_pb_column_12 et_pb_column et_pb_column_1_3 et_block_column et_pb_css_mix_blend_mode_passthrough\"><div class=\"et_pb_blurb_1 et_pb_blurb et_pb_bg_layout_light et_pb_blurb_position_top et_pb_module et_block_module\"><div class=\"et_pb_blurb_content\"><div class=\"et_pb_main_blurb_image\"><span class=\"et_pb_image_wrap et_pb_only_image_mode_wrap\"><img loading=\"lazy\" decoding=\"async\" src=\"https:\/\/solutionguepes.be\/wp-content\/uploads\/2019\/03\/noun_euros_2328322.png\" width=\"128\" height=\"128\" srcset=\"https:\/\/solutionguepes.be\/wp-content\/uploads\/2019\/03\/noun_euros_2328322.png 128w, https:\/\/solutionguepes.be\/wp-content\/uploads\/2019\/03\/noun_euros_2328322-20x20.png 20w\" sizes=\"(max-width: 128px) 100vw, 128px\" class=\"wp-image-144\" \/><\/span><\/div><div class=\"et_pb_blurb_container\"><h4 class=\"et_pb_module_header\">Ein g\u00fcnstiger Preis!<\/h4><div class=\"et_pb_blurb_description\"><p>Sie k\u00f6nnen mehrere Dutzend Euro an Einsatzkosten im Vergleich zum Tarif der Feuerwehr sparen und gleichzeitig von einem Premium-Service profitieren.<\/p>\n<\/div><\/div><\/div><\/div><\/div><div class=\"et_pb_column_13 et_pb_column et_pb_column_1_3 et-last-child et_block_column et_pb_css_mix_blend_mode_passthrough\"><div class=\"et_pb_blurb_2 et_pb_blurb et_pb_bg_layout_light et_pb_blurb_position_top et_pb_module et_block_module\"><div class=\"et_pb_blurb_content\"><div class=\"et_pb_main_blurb_image\"><span class=\"et_pb_image_wrap et_pb_only_image_mode_wrap\"><img loading=\"lazy\" decoding=\"async\" src=\"https:\/\/solutionguepes.be\/wp-content\/uploads\/2019\/03\/noun_warranty_1716006.png\" width=\"128\" height=\"128\" srcset=\"https:\/\/solutionguepes.be\/wp-content\/uploads\/2019\/03\/noun_warranty_1716006.png 128w, https:\/\/solutionguepes.be\/wp-content\/uploads\/2019\/03\/noun_warranty_1716006-20x20.png 20w\" sizes=\"(max-width: 128px) 100vw, 128px\" class=\"wp-image-145\" \/><\/span><\/div><div class=\"et_pb_blurb_container\"><h4 class=\"et_pb_module_header\">Erfolgsgarantie<\/h4><div class=\"et_pb_blurb_description\"><p>In den meisten F\u00e4llen ist das Nest nach der ersten Behandlung vollst\u00e4ndig zerst\u00f6rt. Wenn jedoch eine zweite Behandlung f\u00fcr dasselbe Nest erforderlich ist. Dieser ist kostenlos!<\/p>\n<\/div><\/div><\/div><\/div><\/div><\/div><\/div><div class=\"et_pb_section_3 et_pb_section et_section_regular et_block_section\"><div class=\"et_pb_row_8 et_pb_row et_block_row\"><div class=\"et_pb_column_14 et_pb_column et_pb_column_4_4 et-last-child et_block_column et_pb_css_mix_blend_mode_passthrough\"><div class=\"et_pb_cta_1 et_pb_promo et_pb_bg_layout_dark et_animated et_pb_module et_block_module\"><div class=\"et_pb_promo_description\"><h2 class=\"et_pb_module_header\">Ein Wespennest zu zerst\u00f6ren?<\/h2><\/div><div class=\"et_pb_button_wrapper\"><a class=\"et_pb_button et_pb_promo_button\" href=\"https:\/\/solutionguepes.be\/de\/buchen-sie-unseren-einsatz\">Buchen Sie unseren Einsatz direkt<\/a><\/div><\/div><\/div><\/div><\/div>","protected":false},"excerpt":{"rendered":"","protected":false},"author":1,"featured_media":0,"parent":0,"menu_order":0,"comment_status":"closed","ping_status":"closed","template":"","meta":{"_acf_changed":false,"_seopress_robots_primary_cat":"","_seopress_titles_title":"Wespen und Hornissen Entfernung in die Deutschsprachige Gemeinschaft - Solution Gu\u00eapes","_seopress_titles_desc":"rofessioneller Wespen- und Hornissennest-Vernichtungs-Service, schnell und kosteng\u00fcnstig! Wir intervenieren in der gesamten Deutschsprachige Gemeinschaft.","_seopress_robots_index":"","footnotes":""},"class_list":["post-1958","page","type-page","status-publish","hentry"],"acf":[],"_links":{"self":[{"href":"https:\/\/solutionguepes.be\/de\/wp-json\/wp\/v2\/pages\/1958","targetHints":{"allow":["GET"]}}],"collection":[{"href":"https:\/\/solutionguepes.be\/de\/wp-json\/wp\/v2\/pages"}],"about":[{"href":"https:\/\/solutionguepes.be\/de\/wp-json\/wp\/v2\/types\/page"}],"author":[{"embeddable":true,"href":"https:\/\/solutionguepes.be\/de\/wp-json\/wp\/v2\/users\/1"}],"replies":[{"embeddable":true,"href":"https:\/\/solutionguepes.be\/de\/wp-json\/wp\/v2\/comments?post=1958"}],"version-history":[{"count":8,"href":"https:\/\/solutionguepes.be\/de\/wp-json\/wp\/v2\/pages\/1958\/revisions"}],"predecessor-version":[{"id":3711,"href":"https:\/\/solutionguepes.be\/de\/wp-json\/wp\/v2\/pages\/1958\/revisions\/3711"}],"wp:attachment":[{"href":"https:\/\/solutionguepes.be\/de\/wp-json\/wp\/v2\/media?parent=1958"}],"curies":[{"name":"wp","href":"https:\/\/api.w.org\/{rel}","templated":true}]}}